{"id":323,"date":"2025-06-17T08:48:52","date_gmt":"2025-06-17T08:48:52","guid":{"rendered":"https:\/\/amokcasinos.com\/?page_id=323"},"modified":"2025-08-27T15:27:21","modified_gmt":"2025-08-27T15:27:21","slug":"om-os","status":"publish","type":"page","link":"https:\/\/amokcasinos.com\/da\/om-os\/","title":{"rendered":"Om os"},"content":{"rendered":"<div style=\"height:100px\" aria-hidden=\"true\" class=\"wp-block-spacer\"><\/div>\n\n\n\n<div class=\"wp-block-uagb-container uagb-block-d5a8a6ce alignwide uagb-is-root-container\">\n<h1 class=\"wp-block-heading\">Hvem vi er<\/h1>\n\n\n\n<p>Vi specialiserer os i at finde det bedste inden for online casinoer gennem p\u00e5lidelige, \u00e6rlige og datadrevne anmeldelser. Uanset om det er velkendte topnavne eller nye spillere p\u00e5 markedet, gennemg\u00e5r vi hver platform fra en \u00e6gte spillers perspektiv. Hvis du s\u00f8ger et casino uden ROFUS eller et velrenommeret online casino, som danske spillere frit kan nyde, har vi dig d\u00e6kket. Vores team samler gaming-veteraner, analytikere og eksperter i digital brugeroplevelse for at levere indsigt, du kan stole p\u00e5 - baseret p\u00e5 grundig research, hands-on tests og et st\u00e6rkt fokus p\u00e5 dine behov. I vores kerne tror vi p\u00e5 \u00e6rlighed, klarhed og at give spillere mulighed for at tr\u00e6ffe smartere valg.<\/p>\n\n\n\n<h2 class=\"wp-block-heading\">S\u00e5dan hj\u00e6lper vi dig med at spille smartere<\/h2>\n\n\n\n<p>At navigere i online casinoers verden kan v\u00e6re overv\u00e6ldende - is\u00e6r hvis du pr\u00f8ver at undg\u00e5 begr\u00e6nsninger eller \u00f8nsker bedre v\u00e6rdi. Derfor fjerner vi g\u00e6tteriet i din s\u00f8gen ved at tilbyde direkte vejledning baseret p\u00e5 fakta. Vi fokuserer p\u00e5 det, der betyder mest, s\u00e5 du kan spille med selvtillid. S\u00e5dan hj\u00e6lper vi:<\/p>\n\n\n\n<ul class=\"wp-block-list\">\n<li>Vi vurderer alt fra kvaliteten af spilleautomater og bordspil til dybden af sportsbooks<\/li>\n\n\n\n<li>Vi tester hele oplevelsen - kontooprettelse, indbetalinger, spil og udbetalinger<\/li>\n\n\n\n<li>Vi samarbejder med kundesupport for at m\u00e5le responstid og hj\u00e6lpsomhed<\/li>\n\n\n\n<li>Vi verificerer licenser og sikrer, at platforme tilbyder sikre og ansvarlige milj\u00f8er<\/li>\n\n\n\n<li>Vi fremh\u00e6ver p\u00e5lidelige online casinoer uden ROFUS-muligheder, der er tilg\u00e6ngelige for danske spillere<\/li>\n<\/ul>\n\n\n\n<h2 class=\"wp-block-heading\">Hvad du kan forvente<\/h2>\n\n\n\n<p>Hver anmeldelse er baseret p\u00e5 autentisk erfaring, ikke reklame. Vi promoverer ikke platforme - vi vurderer dem. Med fingeren p\u00e5 pulsen i gaming-verdenen leverer vi opdateret indsigt, der afspejler nye bonusser, funktioner, spil og regel\u00e6ndringer, efterh\u00e5nden som de sker. Vi kigger n\u00e6rmere, hvor andre ikke g\u00f8r det. Vores dybdeg\u00e5ende tekniske evalueringer d\u00e6kker mobilbrugervenlighed, udbetalingsprocesser og fairness (inklusive RNG-audits). Derudover udf\u00f8rer vi fulde sikkerheds- og compliance-tjek for at sikre, at hvert casino, vi anbefaler, er sikkert og legitimt. Vi er konstant p\u00e5 jagt efter nye og lovende online casino uden ROFUS-platforme, der opfylder vores standarder - og overstiger dine forventninger.<\/p>\n\n\n\n<h2 class=\"wp-block-heading\">Hvorfor vi skiller os ud<\/h2>\n\n\n\n<p>Hvad g\u00f8r os anderledes? Realistisk viden, digital indsigt og \u00e6rlig kommunikation. Vores team gennemg\u00e5r ikke bare platforme - vi forst\u00e5r dem indefra og ud. Og vi deler altid, hvorfor vi vurderer et site, som vi g\u00f8r, uden un\u00f8dvendigt fyld eller vildledende p\u00e5stande. Vi skriver med dig, spilleren, i fokus. Fra hvor hurtigt du f\u00e5r udbetalt, til hvor klart bonusser forklares, er vores anmeldelser bygget omkring det, der virkelig p\u00e5virker din tid og dine penge. Vi er din go-to kilde til at opdage de mest sikre og givende online casinoer, danske spillere kan stole p\u00e5 - inklusiv fleksible, spillerfokuserede casinoer uden ROFUS for en friere spiloplevelse.<\/p>\n<\/div>\n\n\n\n<div style=\"height:100px\" aria-hidden=\"true\" class=\"wp-block-spacer\"><\/div>","protected":false},"excerpt":{"rendered":"<p>Who We Are We specialize in uncovering the best in online casinos through reliable, honest, and data-driven reviews. Whether it&#8217;s [&hellip;]<\/p>","protected":false},"author":2,"featured_media":0,"parent":0,"menu_order":0,"comment_status":"closed","ping_status":"closed","template":"","meta":{"_uag_custom_page_level_css":"","site-sidebar-layout":"default","site-content-layout":"","ast-site-content-layout":"default","site-content-style":"default","site-sidebar-style":"default","ast-global-header-display":"","ast-banner-title-visibility":"","ast-main-header-display":"","ast-hfb-above-header-display":"","ast-hfb-below-header-display":"","ast-hfb-mobile-header-display":"","site-post-title":"","ast-breadcrumbs-content":"","ast-featured-img":"","footer-sml-layout":"","theme-transparent-header-meta":"","adv-header-id-meta":"","stick-header-meta":"","header-above-stick-meta":"","header-main-stick-meta":"","header-below-stick-meta":"","astra-migrate-meta-layouts":"default","ast-page-background-enabled":"default","ast-page-background-meta":{"desktop":{"background-color":"var(--ast-global-color-5)","background-image":"","background-repeat":"repeat","background-position":"center center","background-size":"auto","background-attachment":"scroll","background-type":"","background-media":"","overlay-type":"","overlay-color":"","overlay-opacity":"","overlay-gradient":""},"tablet":{"background-color":"","background-image":"","background-repeat":"repeat","background-position":"center center","background-size":"auto","background-attachment":"scroll","background-type":"","background-media":"","overlay-type":"","overlay-color":"","overlay-opacity":"","overlay-gradient":""},"mobile":{"background-color":"","background-image":"","background-repeat":"repeat","background-position":"center center","background-size":"auto","background-attachment":"scroll","background-type":"","background-media":"","overlay-type":"","overlay-color":"","overlay-opacity":"","overlay-gradient":""}},"ast-content-background-meta":{"desktop":{"background-color":"var(--ast-global-color-4)","background-image":"","background-repeat":"repeat","background-position":"center center","background-size":"auto","background-attachment":"scroll","background-type":"","background-media":"","overlay-type":"","overlay-color":"","overlay-opacity":"","overlay-gradient":""},"tablet":{"background-color":"var(--ast-global-color-4)","background-image":"","background-repeat":"repeat","background-position":"center center","background-size":"auto","background-attachment":"scroll","background-type":"","background-media":"","overlay-type":"","overlay-color":"","overlay-opacity":"","overlay-gradient":""},"mobile":{"background-color":"var(--ast-global-color-4)","background-image":"","background-repeat":"repeat","background-position":"center center","background-size":"auto","background-attachment":"scroll","background-type":"","background-media":"","overlay-type":"","overlay-color":"","overlay-opacity":"","overlay-gradient":""}},"footnotes":""},"class_list":["post-323","page","type-page","status-publish","hentry"],"aioseo_notices":[],"uagb_featured_image_src":{"full":false,"thumbnail":false,"medium":false,"medium_large":false,"large":false,"1536x1536":false,"2048x2048":false,"trp-custom-language-flag":false},"uagb_author_info":{"display_name":"amk","author_link":"https:\/\/amokcasinos.com\/da\/author\/amk\/"},"uagb_comment_info":0,"uagb_excerpt":"Who We Are We specialize in uncovering the best in online casinos through reliable, honest, and data-driven reviews. Whether it&#8217;s [&hellip;]","_links":{"self":[{"href":"https:\/\/amokcasinos.com\/da\/wp-json\/wp\/v2\/pages\/323","targetHints":{"allow":["GET"]}}],"collection":[{"href":"https:\/\/amokcasinos.com\/da\/wp-json\/wp\/v2\/pages"}],"about":[{"href":"https:\/\/amokcasinos.com\/da\/wp-json\/wp\/v2\/types\/page"}],"author":[{"embeddable":true,"href":"https:\/\/amokcasinos.com\/da\/wp-json\/wp\/v2\/users\/2"}],"replies":[{"embeddable":true,"href":"https:\/\/amokcasinos.com\/da\/wp-json\/wp\/v2\/comments?post=323"}],"version-history":[{"count":5,"href":"https:\/\/amokcasinos.com\/da\/wp-json\/wp\/v2\/pages\/323\/revisions"}],"predecessor-version":[{"id":519,"href":"https:\/\/amokcasinos.com\/da\/wp-json\/wp\/v2\/pages\/323\/revisions\/519"}],"wp:attachment":[{"href":"https:\/\/amokcasinos.com\/da\/wp-json\/wp\/v2\/media?parent=323"}],"curies":[{"name":"wp","href":"https:\/\/api.w.org\/{rel}","templated":true}]}}