{"id":324,"date":"2025-06-17T08:48:52","date_gmt":"2025-06-17T08:48:52","guid":{"rendered":"https:\/\/amokcasinos.com\/?page_id=324"},"modified":"2025-08-27T15:27:55","modified_gmt":"2025-08-27T15:27:55","slug":"kontakte","status":"publish","type":"page","link":"https:\/\/amokcasinos.com\/da\/kontakte\/","title":{"rendered":"Kontakte"},"content":{"rendered":"<div style=\"height:100px\" aria-hidden=\"true\" class=\"wp-block-spacer\"><\/div>\n\n\n\n<div class=\"wp-block-uagb-container uagb-block-840a260b alignwide uagb-is-root-container\">\n<h1 class=\"wp-block-heading\">Kontakt os<\/h1>\n\n\n\n<p class=\"has-ast-global-color-4-color has-text-color has-link-color wp-elements-f0fc68874437bf86c7dbf72e84e34f32\">Vi taler ikke bare til spillerne - vi lytter. Har du tanker om en anmeldelse? Har du brug for hj\u00e6lp til at forst\u00e5 et casinos vilk\u00e5r? Vil du foresl\u00e5 en platform, vi b\u00f8r tjekke ud? Send os en besked. Din indsigt hj\u00e6lper os med at forblive skarpe, relevante og nyttige. Vi leverer ikke bare anmeldelser - vi bygger et voksende f\u00e6llesskab af nysgerrige, kloge spillere, der s\u00f8ger bedre spiloplevelser. Og vi er her for at guide dig gennem det hele med gennemsigtighed og tillid.<br><br>Din feedback, din stemme, dine sp\u00f8rgsm\u00e5l - alt er velkomment, n\u00e5r som helst: <a>hello@amokcasinos.com<\/a><\/p>\n<\/div>\n\n\n\n<div style=\"height:100px\" aria-hidden=\"true\" class=\"wp-block-spacer\"><\/div>","protected":false},"excerpt":{"rendered":"<p>Contact Us We don\u2019t just talk at players &#8211; we listen. Have thoughts on a review? Need help understanding a [&hellip;]<\/p>","protected":false},"author":2,"featured_media":0,"parent":0,"menu_order":0,"comment_status":"closed","ping_status":"closed","template":"","meta":{"_uag_custom_page_level_css":"","site-sidebar-layout":"default","site-content-layout":"","ast-site-content-layout":"default","site-content-style":"default","site-sidebar-style":"default","ast-global-header-display":"","ast-banner-title-visibility":"","ast-main-header-display":"","ast-hfb-above-header-display":"","ast-hfb-below-header-display":"","ast-hfb-mobile-header-display":"","site-post-title":"","ast-breadcrumbs-content":"","ast-featured-img":"","footer-sml-layout":"","theme-transparent-header-meta":"","adv-header-id-meta":"","stick-header-meta":"","header-above-stick-meta":"","header-main-stick-meta":"","header-below-stick-meta":"","astra-migrate-meta-layouts":"default","ast-page-background-enabled":"default","ast-page-background-meta":{"desktop":{"background-color":"var(--ast-global-color-5)","background-image":"","background-repeat":"repeat","background-position":"center center","background-size":"auto","background-attachment":"scroll","background-type":"","background-media":"","overlay-type":"","overlay-color":"","overlay-opacity":"","overlay-gradient":""},"tablet":{"background-color":"","background-image":"","background-repeat":"repeat","background-position":"center center","background-size":"auto","background-attachment":"scroll","background-type":"","background-media":"","overlay-type":"","overlay-color":"","overlay-opacity":"","overlay-gradient":""},"mobile":{"background-color":"","background-image":"","background-repeat":"repeat","background-position":"center center","background-size":"auto","background-attachment":"scroll","background-type":"","background-media":"","overlay-type":"","overlay-color":"","overlay-opacity":"","overlay-gradient":""}},"ast-content-background-meta":{"desktop":{"background-color":"var(--ast-global-color-4)","background-image":"","background-repeat":"repeat","background-position":"center center","background-size":"auto","background-attachment":"scroll","background-type":"","background-media":"","overlay-type":"","overlay-color":"","overlay-opacity":"","overlay-gradient":""},"tablet":{"background-color":"var(--ast-global-color-4)","background-image":"","background-repeat":"repeat","background-position":"center center","background-size":"auto","background-attachment":"scroll","background-type":"","background-media":"","overlay-type":"","overlay-color":"","overlay-opacity":"","overlay-gradient":""},"mobile":{"background-color":"var(--ast-global-color-4)","background-image":"","background-repeat":"repeat","background-position":"center center","background-size":"auto","background-attachment":"scroll","background-type":"","background-media":"","overlay-type":"","overlay-color":"","overlay-opacity":"","overlay-gradient":""}},"footnotes":""},"class_list":["post-324","page","type-page","status-publish","hentry"],"aioseo_notices":[],"uagb_featured_image_src":{"full":false,"thumbnail":false,"medium":false,"medium_large":false,"large":false,"1536x1536":false,"2048x2048":false,"trp-custom-language-flag":false},"uagb_author_info":{"display_name":"amk","author_link":"https:\/\/amokcasinos.com\/da\/author\/amk\/"},"uagb_comment_info":0,"uagb_excerpt":"Contact Us We don\u2019t just talk at players &#8211; we listen. Have thoughts on a review? Need help understanding a [&hellip;]","_links":{"self":[{"href":"https:\/\/amokcasinos.com\/da\/wp-json\/wp\/v2\/pages\/324","targetHints":{"allow":["GET"]}}],"collection":[{"href":"https:\/\/amokcasinos.com\/da\/wp-json\/wp\/v2\/pages"}],"about":[{"href":"https:\/\/amokcasinos.com\/da\/wp-json\/wp\/v2\/types\/page"}],"author":[{"embeddable":true,"href":"https:\/\/amokcasinos.com\/da\/wp-json\/wp\/v2\/users\/2"}],"replies":[{"embeddable":true,"href":"https:\/\/amokcasinos.com\/da\/wp-json\/wp\/v2\/comments?post=324"}],"version-history":[{"count":4,"href":"https:\/\/amokcasinos.com\/da\/wp-json\/wp\/v2\/pages\/324\/revisions"}],"predecessor-version":[{"id":520,"href":"https:\/\/amokcasinos.com\/da\/wp-json\/wp\/v2\/pages\/324\/revisions\/520"}],"wp:attachment":[{"href":"https:\/\/amokcasinos.com\/da\/wp-json\/wp\/v2\/media?parent=324"}],"curies":[{"name":"wp","href":"https:\/\/api.w.org\/{rel}","templated":true}]}}